

{"id":3421,"date":"2018-09-24T14:23:19","date_gmt":"2018-09-24T12:23:19","guid":{"rendered":"http:\/\/labastidedebiot.fr\/offres-speciales\/"},"modified":"2019-04-16T12:32:55","modified_gmt":"2019-04-16T10:32:55","slug":"special-offers","status":"publish","type":"page","link":"https:\/\/labastidedebiot.fr\/en\/special-offers\/","title":{"rendered":"Special offers"},"content":{"rendered":"<p>Pour d\u00e9couvrir pleinement la r\u00e9gion Provence Alpes C\u00f4te d&#8217;Azur et le bassin m\u00e9diterran\u00e9en, La Bastide de Biot vous propose ses meilleures offres du moment. <\/p>\n<p>L\u2019h\u00f4tel La Bastide Biot vous fait part r\u00e9guli\u00e8rement de ses meilleures offres sp\u00e9cialesmet :<\/p>\n<p>Pack d\u00e9couverte de Biot, weekend \u00e0 deux ou en famille, cocktails, offres s\u00e9minaires et r\u00e9unions, autant d\u2019offres que d\u2019envies pour satisfaire vos besoins.<\/p>\n<p>Profitez de nos offres sp\u00e9ciales pour vous faire plaisirs&#8230;<\/p>\n","protected":false},"excerpt":{"rendered":"<p>Pour d\u00e9couvrir pleinement la r\u00e9gion Provence Alpes C\u00f4te d&#8217;Azur et le bassin m\u00e9diterran\u00e9en, La Bastide de Biot vous propose ses meilleures offres du moment. L\u2019h\u00f4tel La Bastide Biot vous fait part r\u00e9guli\u00e8rement de ses meilleures offres sp\u00e9cialesmet : Pack d\u00e9couverte de Biot, weekend \u00e0 deux ou en famille, cocktails, offres s\u00e9minaires et r\u00e9unions, autant d\u2019offres [&hellip;]<\/p>\n","protected":false},"author":19,"featured_media":0,"parent":0,"menu_order":0,"comment_status":"closed","ping_status":"closed","template":"page-offres.php","meta":{"_acf_changed":false,"footnotes":""},"class_list":["post-3421","page","type-page","status-publish","hentry"],"acf":[],"publishpress_future_action":{"enabled":false,"date":"2026-04-28 14:17:55","action":"change-status","newStatus":"draft","terms":[],"taxonomy":"translation_priority","extraData":[]},"publishpress_future_workflow_manual_trigger":{"enabledWorkflows":[]},"_links":{"self":[{"href":"https:\/\/labastidedebiot.fr\/en\/wp-json\/wp\/v2\/pages\/3421","targetHints":{"allow":["GET"]}}],"collection":[{"href":"https:\/\/labastidedebiot.fr\/en\/wp-json\/wp\/v2\/pages"}],"about":[{"href":"https:\/\/labastidedebiot.fr\/en\/wp-json\/wp\/v2\/types\/page"}],"author":[{"embeddable":true,"href":"https:\/\/labastidedebiot.fr\/en\/wp-json\/wp\/v2\/users\/19"}],"replies":[{"embeddable":true,"href":"https:\/\/labastidedebiot.fr\/en\/wp-json\/wp\/v2\/comments?post=3421"}],"version-history":[{"count":1,"href":"https:\/\/labastidedebiot.fr\/en\/wp-json\/wp\/v2\/pages\/3421\/revisions"}],"predecessor-version":[{"id":3827,"href":"https:\/\/labastidedebiot.fr\/en\/wp-json\/wp\/v2\/pages\/3421\/revisions\/3827"}],"wp:attachment":[{"href":"https:\/\/labastidedebiot.fr\/en\/wp-json\/wp\/v2\/media?parent=3421"}],"curies":[{"name":"wp","href":"https:\/\/api.w.org\/{rel}","templated":true}]}}